{"id":44,"date":"2026-02-14T12:02:04","date_gmt":"2026-02-14T11:02:04","guid":{"rendered":"https:\/\/lifeinsystems.eu\/?page_id=44"},"modified":"2026-02-15T23:24:39","modified_gmt":"2026-02-15T22:24:39","slug":"autorka","status":"publish","type":"page","link":"https:\/\/lifeinsystems.eu\/?page_id=44","title":{"rendered":"Autorka"},"content":{"rendered":"\n<p><strong>Dorota Kozio\u0142<\/strong> \u2013 analityczka i autorka pracuj\u0105ca na styku system\u00f3w spo\u0142ecznych, narracji i do\u015bwiadczenia codziennego. \u0141\u0105czy praktyk\u0119 pracy w obszarach opieki i migracji z wykszta\u0142ceniem w komunikacji i dziennikarstwie.<\/p>\n\n\n\n<p>W swojej pracy przygl\u0105da si\u0119 temu, jak polityka spo\u0142eczna dzia\u0142a (lub nie dzia\u0142a) w praktyce: gdzie systemy p\u0119kaj\u0105, kogo wykluczaj\u0105 i jak te procesy przek\u0142adaj\u0105 si\u0119 na \u017cycie ludzi. Z\u0142o\u017cone zjawiska t\u0142umaczy w spos\u00f3b zrozumia\u0142y dla zespo\u0142\u00f3w, instytucji i os\u00f3b decyzyjnych \u2014 tak, by wspiera\u0107 lepsze projektowanie rozwi\u0105za\u0144.<\/p>\n\n\n\n<p>Jest autork\u0105 projektu <strong>Life in Systems<\/strong>, w ramach kt\u00f3rego analizuje wp\u0142yw system\u00f3w spo\u0142ecznych na codzienne \u017cycie jednostek \u2014 w szczeg\u00f3lno\u015bci w kontek\u015bcie pracy opieku\u0144czej, migracji i nier\u00f3wno\u015bci.<\/p>\n\n\n\n<p>Wsp\u00f3\u0142pracuje z organizacjami pozarz\u0105dowymi, instytucjami publicznymi oraz zespo\u0142ami projektowymi, kt\u00f3re szukaj\u0105 jako\u015bciowych analiz i narracji opartych na do\u015bwiadczeniu.<\/p>\n\n\n\n<p>Otwarta na wsp\u00f3\u0142prac\u0119 badawcz\u0105, analityczn\u0105 i projektow\u0105.<\/p>\n\n\n\n<p><\/p>\n\n\n\n<p><\/p>\n\n\n\n<p><\/p>\n","protected":false},"excerpt":{"rendered":"<p>Dorota Kozio\u0142 \u2013 analityczka i autorka pracuj\u0105ca na styku system\u00f3w spo\u0142ecznych, narracji i do\u015bwiadczenia codziennego. \u0141\u0105czy praktyk\u0119 pracy w obszarach opieki i migracji z wykszta\u0142ceniem w komunikacji i dziennikarstwie. W swojej pracy przygl\u0105da si\u0119 temu, jak polityka spo\u0142eczna dzia\u0142a (lub nie dzia\u0142a) w praktyce: gdzie systemy p\u0119kaj\u0105, kogo wykluczaj\u0105 i jak te procesy przek\u0142adaj\u0105 si\u0119 [&hellip;]<\/p>\n","protected":false},"author":1,"featured_media":0,"parent":0,"menu_order":0,"comment_status":"closed","ping_status":"closed","template":"","meta":{"footnotes":""},"class_list":["post-44","page","type-page","status-publish","hentry"],"_links":{"self":[{"href":"https:\/\/lifeinsystems.eu\/index.php?rest_route=\/wp\/v2\/pages\/44","targetHints":{"allow":["GET"]}}],"collection":[{"href":"https:\/\/lifeinsystems.eu\/index.php?rest_route=\/wp\/v2\/pages"}],"about":[{"href":"https:\/\/lifeinsystems.eu\/index.php?rest_route=\/wp\/v2\/types\/page"}],"author":[{"embeddable":true,"href":"https:\/\/lifeinsystems.eu\/index.php?rest_route=\/wp\/v2\/users\/1"}],"replies":[{"embeddable":true,"href":"https:\/\/lifeinsystems.eu\/index.php?rest_route=%2Fwp%2Fv2%2Fcomments&post=44"}],"version-history":[{"count":4,"href":"https:\/\/lifeinsystems.eu\/index.php?rest_route=\/wp\/v2\/pages\/44\/revisions"}],"predecessor-version":[{"id":136,"href":"https:\/\/lifeinsystems.eu\/index.php?rest_route=\/wp\/v2\/pages\/44\/revisions\/136"}],"wp:attachment":[{"href":"https:\/\/lifeinsystems.eu\/index.php?rest_route=%2Fwp%2Fv2%2Fmedia&parent=44"}],"curies":[{"name":"wp","href":"https:\/\/api.w.org\/{rel}","templated":true}]}}