{"id":254,"date":"2026-02-23T20:34:46","date_gmt":"2026-02-23T19:34:46","guid":{"rendered":"https:\/\/lifeinsystems.eu\/?page_id=254"},"modified":"2026-02-24T21:34:41","modified_gmt":"2026-02-24T20:34:41","slug":"glowna","status":"publish","type":"page","link":"https:\/\/lifeinsystems.eu\/","title":{"rendered":"Life in Systems"},"content":{"rendered":"\n<div class=\"wp-block-group alignfull has-global-padding is-layout-constrained wp-container-core-group-is-layout-490fa1db wp-block-group-is-layout-constrained\" style=\"padding-top:var(--wp--preset--spacing--50);padding-right:var(--wp--preset--spacing--50);padding-bottom:var(--wp--preset--spacing--50);padding-left:var(--wp--preset--spacing--50)\">\n<div class=\"wp-block-group has-global-padding is-layout-constrained wp-container-core-group-is-layout-650790e1 wp-block-group-is-layout-constrained\">\n<h1 class=\"wp-block-heading has-text-align-center has-x-large-font-size\">Analizy i narracje o \u017cyciu w systemach, kt\u00f3re nas kszta\u0142tuj\u0105 \u2014 i cz\u0119sto p\u0119kaj\u0105<\/h1>\n\n\n\n<div style=\"height:1.25rem\" aria-hidden=\"true\" class=\"wp-block-spacer\"><\/div>\n\n\n\n<p class=\"has-text-align-center\">Life in Systems to europejski projekt analiz o systemach spo\u0142ecznych: opiece, pracy, migracji i p\u0119kni\u0119ciach mi\u0119dzy polityk\u0105 a \u017cyciem.<\/p>\n\n\n\n<p class=\"has-text-align-center\">Projekt o tym, gdzie systemy zawodz\u0105 ludzi \u2013 i dlaczego to nie jest przypadek.<\/p>\n\n\n\n<div style=\"height:1.25rem\" aria-hidden=\"true\" class=\"wp-block-spacer\"><\/div>\n\n\n\n<div class=\"wp-block-buttons is-content-justification-center is-layout-flex wp-container-core-buttons-is-layout-a89b3969 wp-block-buttons-is-layout-flex\">\n<div class=\"wp-block-button\"><a class=\"wp-block-button__link wp-element-button\" href=\"https:\/\/lifeinsystems.eu\/?page_id=18\">O projekcie<\/a><\/div>\n<\/div>\n<\/div>\n\n\n\n<div style=\"height:var(--wp--preset--spacing--30)\" aria-hidden=\"true\" class=\"wp-block-spacer\"><\/div>\n\n\n\n<figure class=\"wp-block-image alignwide size-full is-style-rounded is-style-rounded--1\"><img loading=\"lazy\" decoding=\"async\" width=\"1536\" height=\"694\" src=\"https:\/\/lifeinsystems.eu\/wp-content\/uploads\/2026\/02\/258c02ce-2d5f-41b3-98d4-2b32301a69ac-e1771794942314.jpg\" alt=\"\" class=\"wp-image-126\" srcset=\"https:\/\/lifeinsystems.eu\/wp-content\/uploads\/2026\/02\/258c02ce-2d5f-41b3-98d4-2b32301a69ac-e1771794942314.jpg 1536w, https:\/\/lifeinsystems.eu\/wp-content\/uploads\/2026\/02\/258c02ce-2d5f-41b3-98d4-2b32301a69ac-e1771794942314-300x136.jpg 300w, https:\/\/lifeinsystems.eu\/wp-content\/uploads\/2026\/02\/258c02ce-2d5f-41b3-98d4-2b32301a69ac-e1771794942314-1024x463.jpg 1024w, https:\/\/lifeinsystems.eu\/wp-content\/uploads\/2026\/02\/258c02ce-2d5f-41b3-98d4-2b32301a69ac-e1771794942314-768x347.jpg 768w\" sizes=\"auto, (max-width: 1536px) 100vw, 1536px\" \/><\/figure>\n<\/div>\n\n\n\n<div class=\"wp-block-group alignfull has-base-color has-contrast-background-color has-text-color has-background has-global-padding is-layout-constrained wp-container-core-group-is-layout-ef3d885c wp-block-group-is-layout-constrained\" style=\"margin-top:0;margin-bottom:0;padding-top:var(--wp--preset--spacing--60);padding-right:var(--wp--preset--spacing--60);padding-bottom:var(--wp--preset--spacing--60);padding-left:var(--wp--preset--spacing--60)\">\n<div class=\"wp-block-group has-global-padding is-layout-constrained wp-block-group-is-layout-constrained\">\n<p class=\"has-text-align-center has-base-color has-text-color has-heading-font-family has-x-large-font-size\" style=\"line-height:1.2\"><em>Badam, gdzie i dlaczego systemy spo\u0142eczne p\u0119kaj\u0105 \u2014 oraz jakie mechanizmy powoduj\u0105, \u017ce dobre intencje produkuj\u0105 z\u0142e rezultaty.<\/em><\/p>\n<\/div>\n<\/div>\n\n\n\n<div class=\"wp-block-group alignfull has-global-padding is-layout-constrained wp-container-core-group-is-layout-d89aad35 wp-block-group-is-layout-constrained\" style=\"margin-top:0;margin-bottom:0;padding-top:var(--wp--preset--spacing--50);padding-right:var(--wp--preset--spacing--50);padding-bottom:var(--wp--preset--spacing--50);padding-left:var(--wp--preset--spacing--50)\">\n<h2 class=\"wp-block-heading alignwide has-x-large-font-size\" style=\"margin-top:0;margin-bottom:var(--wp--preset--spacing--40);line-height:1\">Ostatnie wpisy:<\/h2>\n\n\n\n<div class=\"wp-block-group alignwide has-global-padding is-layout-constrained wp-block-group-is-layout-constrained\">\n<div class=\"wp-block-query alignwide is-layout-flow wp-block-query-is-layout-flow\">\n\n\n<div style=\"height:var(--wp--preset--spacing--30)\" aria-hidden=\"true\" class=\"wp-block-spacer\"><\/div>\n\n\n\n\n<div class=\"wp-block-query-no-results\">\n\n<p>Nie znaleziono \u017cadnych wpis\u00f3w.<\/p>\n\n<\/div><\/div>\n<\/div>\n<\/div>\n","protected":false},"excerpt":{"rendered":"<p>Analizy i narracje o \u017cyciu w systemach, kt\u00f3re nas kszta\u0142tuj\u0105 \u2014 i cz\u0119sto p\u0119kaj\u0105 Life in Systems to europejski projekt analiz o systemach spo\u0142ecznych: opiece, pracy, migracji i p\u0119kni\u0119ciach mi\u0119dzy polityk\u0105 a \u017cyciem. Projekt o tym, gdzie systemy zawodz\u0105 ludzi \u2013 i dlaczego to nie jest przypadek. Badam, gdzie i dlaczego systemy spo\u0142eczne p\u0119kaj\u0105 \u2014 [&hellip;]<\/p>\n","protected":false},"author":1,"featured_media":0,"parent":0,"menu_order":0,"comment_status":"closed","ping_status":"closed","template":"","meta":{"footnotes":""},"class_list":["post-254","page","type-page","status-publish","hentry"],"_links":{"self":[{"href":"https:\/\/lifeinsystems.eu\/index.php?rest_route=\/wp\/v2\/pages\/254","targetHints":{"allow":["GET"]}}],"collection":[{"href":"https:\/\/lifeinsystems.eu\/index.php?rest_route=\/wp\/v2\/pages"}],"about":[{"href":"https:\/\/lifeinsystems.eu\/index.php?rest_route=\/wp\/v2\/types\/page"}],"author":[{"embeddable":true,"href":"https:\/\/lifeinsystems.eu\/index.php?rest_route=\/wp\/v2\/users\/1"}],"replies":[{"embeddable":true,"href":"https:\/\/lifeinsystems.eu\/index.php?rest_route=%2Fwp%2Fv2%2Fcomments&post=254"}],"version-history":[{"count":8,"href":"https:\/\/lifeinsystems.eu\/index.php?rest_route=\/wp\/v2\/pages\/254\/revisions"}],"predecessor-version":[{"id":264,"href":"https:\/\/lifeinsystems.eu\/index.php?rest_route=\/wp\/v2\/pages\/254\/revisions\/264"}],"wp:attachment":[{"href":"https:\/\/lifeinsystems.eu\/index.php?rest_route=%2Fwp%2Fv2%2Fmedia&parent=254"}],"curies":[{"name":"wp","href":"https:\/\/api.w.org\/{rel}","templated":true}]}}