{"id":20,"date":"2026-02-13T21:20:23","date_gmt":"2026-02-13T20:20:23","guid":{"rendered":"https:\/\/lifeinsystems.eu\/?page_id=20"},"modified":"2026-02-14T12:23:10","modified_gmt":"2026-02-14T11:23:10","slug":"wspolpraca","status":"publish","type":"page","link":"https:\/\/lifeinsystems.eu\/?page_id=20","title":{"rendered":"Wsp\u00f3\u0142praca"},"content":{"rendered":"\n<p>Oferuj\u0119 analizy por\u00f3wnawcze, raporty tematyczne, policy briefs oraz wsp\u00f3\u0142prac\u0119 projektow\u0105 z organizacjami spo\u0142ecznymi, badawczymi i instytucjonalnymi.<\/p>\n\n\n\n<p><strong>Wsp\u00f3\u0142praca<\/strong>: badawcza, analityczna, konsultacyjna, projektowa i redakcyjna.<\/p>\n\n\n\n<h2 class=\"wp-block-heading\">Dla kogo<\/h2>\n\n\n\n<ul class=\"wp-block-list\">\n<li>organizacje pozarz\u0105dowe<\/li>\n\n\n\n<li>zespo\u0142y realizuj\u0105ce projekty spo\u0142eczne<\/li>\n\n\n\n<li>instytucje publiczne i samorz\u0105dowe<\/li>\n\n\n\n<li>inicjatywy finansowane ze \u015brodk\u00f3w UE<\/li>\n\n\n\n<li>osoby pracuj\u0105ce w systemach opieki i wsparcia<\/li>\n<\/ul>\n\n\n\n<p><\/p>\n","protected":false},"excerpt":{"rendered":"<p>Oferuj\u0119 analizy por\u00f3wnawcze, raporty tematyczne, policy briefs oraz wsp\u00f3\u0142prac\u0119 projektow\u0105 z organizacjami spo\u0142ecznymi, badawczymi i instytucjonalnymi. Wsp\u00f3\u0142praca: badawcza, analityczna, konsultacyjna, projektowa i redakcyjna. Dla kogo<\/p>\n","protected":false},"author":1,"featured_media":0,"parent":0,"menu_order":0,"comment_status":"closed","ping_status":"closed","template":"","meta":{"footnotes":""},"class_list":["post-20","page","type-page","status-publish","hentry"],"_links":{"self":[{"href":"https:\/\/lifeinsystems.eu\/index.php?rest_route=\/wp\/v2\/pages\/20","targetHints":{"allow":["GET"]}}],"collection":[{"href":"https:\/\/lifeinsystems.eu\/index.php?rest_route=\/wp\/v2\/pages"}],"about":[{"href":"https:\/\/lifeinsystems.eu\/index.php?rest_route=\/wp\/v2\/types\/page"}],"author":[{"embeddable":true,"href":"https:\/\/lifeinsystems.eu\/index.php?rest_route=\/wp\/v2\/users\/1"}],"replies":[{"embeddable":true,"href":"https:\/\/lifeinsystems.eu\/index.php?rest_route=%2Fwp%2Fv2%2Fcomments&post=20"}],"version-history":[{"count":5,"href":"https:\/\/lifeinsystems.eu\/index.php?rest_route=\/wp\/v2\/pages\/20\/revisions"}],"predecessor-version":[{"id":53,"href":"https:\/\/lifeinsystems.eu\/index.php?rest_route=\/wp\/v2\/pages\/20\/revisions\/53"}],"wp:attachment":[{"href":"https:\/\/lifeinsystems.eu\/index.php?rest_route=%2Fwp%2Fv2%2Fmedia&parent=20"}],"curies":[{"name":"wp","href":"https:\/\/api.w.org\/{rel}","templated":true}]}}