{"id":18,"date":"2026-02-13T21:19:15","date_gmt":"2026-02-13T20:19:15","guid":{"rendered":"https:\/\/lifeinsystems.eu\/?page_id=18"},"modified":"2026-02-14T23:28:18","modified_gmt":"2026-02-14T22:28:18","slug":"o-projekcie","status":"publish","type":"page","link":"https:\/\/lifeinsystems.eu\/?page_id=18","title":{"rendered":"O projekcie"},"content":{"rendered":"\n<p><strong>Life in Systems<\/strong> to niezale\u017cny projekt analityczno-narracyjny po\u015bwi\u0119cony temu, jak systemy spo\u0142eczne wp\u0142ywaj\u0105 na codzienne do\u015bwiadczenie ludzi.<\/p>\n\n\n\n<p>Projekt koncentruje si\u0119 na miejscach napi\u0119\u0107 \u2014 tam, gdzie polityki publiczne, struktury opieki, pracy i migracji przestaj\u0105 odpowiada\u0107 na realne potrzeby jednostek.<\/p>\n\n\n\n<p>Punktem wyj\u015bcia nie s\u0105 abstrakcyjne modele, lecz \u017cycie \u201eod \u015brodka\u201d: do\u015bwiadczenie pracy w systemach, funkcjonowania na ich granicach oraz konsekwencje decyzji podejmowanych ponad poziomem codzienno\u015bci.<\/p>\n\n\n\n<p>Life in Systems \u0142\u0105czy analiz\u0119 jako\u015bciow\u0105, narracj\u0119 i refleksj\u0119 systemow\u0105. Jego celem jest tworzenie tekst\u00f3w i analiz, kt\u00f3re pomagaj\u0105 zrozumie\u0107, <strong>dlaczego dobrze zaprojektowane struktury p\u0119kaj\u0105 w praktyce \u2014 i co to oznacza dla ludzi, kt\u00f3rzy w nich \u017cyj\u0105<\/strong>.<\/p>\n\n\n\n<p>Projekt stanowi zaplecze analityczne dla organizacji pozarz\u0105dowych, zespo\u0142\u00f3w projektowych oraz inicjatyw pracuj\u0105cych nad politykami spo\u0142ecznymi i programami wsparcia.<\/p>\n\n\n\n<h2 class=\"wp-block-heading\">Zakres dzia\u0142a\u0144:<\/h2>\n\n\n\n<h3 class=\"wp-block-heading\">Analiza<\/h3>\n\n\n\n<p>Jako\u015bciowe analizy system\u00f3w spo\u0142ecznych oparte na do\u015bwiadczeniu terenowym, dokumentach, narracjach i praktyce instytucjonalnej.<\/p>\n\n\n\n<h3 class=\"wp-block-heading\">Narracja<\/h3>\n\n\n\n<p>Teksty i eseje t\u0142umacz\u0105ce z\u0142o\u017cone procesy systemowe na j\u0119zyk zrozumia\u0142y dla ludzi, zespo\u0142\u00f3w i decydent\u00f3w.<\/p>\n\n\n\n<h3 class=\"wp-block-heading\">Wsp\u00f3\u0142praca<\/h3>\n\n\n\n<p>Wsparcie merytoryczne i koncepcyjne dla organizacji pozarz\u0105dowych, projekt\u00f3w spo\u0142ecznych i inicjatyw finansowanych ze \u015brodk\u00f3w publicznych i europejskich.<\/p>\n","protected":false},"excerpt":{"rendered":"<p>Life in Systems to niezale\u017cny projekt analityczno-narracyjny po\u015bwi\u0119cony temu, jak systemy spo\u0142eczne wp\u0142ywaj\u0105 na codzienne do\u015bwiadczenie ludzi. Projekt koncentruje si\u0119 na miejscach napi\u0119\u0107 \u2014 tam, gdzie polityki publiczne, struktury opieki, pracy i migracji przestaj\u0105 odpowiada\u0107 na realne potrzeby jednostek. Punktem wyj\u015bcia nie s\u0105 abstrakcyjne modele, lecz \u017cycie \u201eod \u015brodka\u201d: do\u015bwiadczenie pracy w systemach, funkcjonowania na [&hellip;]<\/p>\n","protected":false},"author":1,"featured_media":0,"parent":0,"menu_order":0,"comment_status":"closed","ping_status":"closed","template":"","meta":{"footnotes":""},"class_list":["post-18","page","type-page","status-publish","hentry"],"_links":{"self":[{"href":"https:\/\/lifeinsystems.eu\/index.php?rest_route=\/wp\/v2\/pages\/18","targetHints":{"allow":["GET"]}}],"collection":[{"href":"https:\/\/lifeinsystems.eu\/index.php?rest_route=\/wp\/v2\/pages"}],"about":[{"href":"https:\/\/lifeinsystems.eu\/index.php?rest_route=\/wp\/v2\/types\/page"}],"author":[{"embeddable":true,"href":"https:\/\/lifeinsystems.eu\/index.php?rest_route=\/wp\/v2\/users\/1"}],"replies":[{"embeddable":true,"href":"https:\/\/lifeinsystems.eu\/index.php?rest_route=%2Fwp%2Fv2%2Fcomments&post=18"}],"version-history":[{"count":10,"href":"https:\/\/lifeinsystems.eu\/index.php?rest_route=\/wp\/v2\/pages\/18\/revisions"}],"predecessor-version":[{"id":121,"href":"https:\/\/lifeinsystems.eu\/index.php?rest_route=\/wp\/v2\/pages\/18\/revisions\/121"}],"wp:attachment":[{"href":"https:\/\/lifeinsystems.eu\/index.php?rest_route=%2Fwp%2Fv2%2Fmedia&parent=18"}],"curies":[{"name":"wp","href":"https:\/\/api.w.org\/{rel}","templated":true}]}}